{"id":16,"date":"2023-04-23T12:32:11","date_gmt":"2023-04-23T11:32:11","guid":{"rendered":"https:\/\/oktoberfest-wangen.ch\/?page_id=16"},"modified":"2025-08-25T13:31:19","modified_gmt":"2025-08-25T12:31:19","slug":"sponsoren","status":"publish","type":"page","link":"https:\/\/oktoberfest-wangen.ch\/?page_id=16","title":{"rendered":"Sponsoren"},"content":{"rendered":"\n<p>Ein herzliches Dankesch\u00f6n an all unsere grossz\u00fcgigen Sponsoren, die uns \u2013 teils schon seit vielen Jahren \u2013 unterst\u00fctzen und dieses tolle Fest erm\u00f6glichen. Vielen Dank!<\/p>\n\n\n\n<div class=\"wp-block-group\"><div class=\"wp-block-group__inner-container is-layout-constrained wp-block-group-is-layout-constrained\">\n<div class=\"wp-block-columns is-layout-flex wp-container-core-columns-is-layout-9d6595d7 wp-block-columns-is-layout-flex\">\n<div class=\"wp-block-column is-layout-flow wp-block-column-is-layout-flow\" style=\"flex-basis:100%\"><\/div>\n<\/div>\n<\/div><\/div>\n\n\n\n<div class=\"wp-block-group\"><div class=\"wp-block-group__inner-container is-layout-constrained wp-block-group-is-layout-constrained\">\n<div class=\"wp-block-columns is-layout-flex wp-container-core-columns-is-layout-9d6595d7 wp-block-columns-is-layout-flex\">\n<div class=\"wp-block-column is-layout-flow wp-block-column-is-layout-flow\" style=\"flex-basis:100%\">\n<div class=\"wp-block-media-text alignwide is-stacked-on-mobile\" style=\"grid-template-columns:30% auto\"><figure class=\"wp-block-media-text__media\"><a href=\"https:\/\/www.arthurweber.ch\/\" target=\"_blank\" rel=\"noreferrer noopener\"><img loading=\"lazy\" decoding=\"async\" width=\"300\" height=\"65\" src=\"https:\/\/oktoberfest-wangen.ch\/wp-content\/uploads\/2025\/06\/spons_aw.png\" alt=\"\" class=\"wp-image-427 size-full\"\/><\/a><\/figure><div class=\"wp-block-media-text__content\">\n<p><strong>Arthur Weber AG<\/strong><br>Partner f\u00fcr Bau und Handwerk<\/p>\n<\/div><\/div>\n\n\n\n<p><\/p>\n\n\n\n<div class=\"wp-block-media-text alignwide is-stacked-on-mobile\" style=\"grid-template-columns:30% auto\"><figure class=\"wp-block-media-text__media\"><a href=\"https:\/\/furrerauto.ch\" target=\"_blank\" rel=\"noreferrer noopener\"><img loading=\"lazy\" decoding=\"async\" width=\"570\" height=\"137\" src=\"https:\/\/oktoberfest-wangen.ch\/wp-content\/uploads\/2025\/04\/spons_fur.png\" alt=\"\" class=\"wp-image-403 size-full\" srcset=\"https:\/\/oktoberfest-wangen.ch\/wp-content\/uploads\/2025\/04\/spons_fur.png 570w, https:\/\/oktoberfest-wangen.ch\/wp-content\/uploads\/2025\/04\/spons_fur-300x72.png 300w\" sizes=\"auto, (max-width: 570px) 100vw, 570px\" \/><\/a><\/figure><div class=\"wp-block-media-text__content\">\n<p><strong>Furrer Auto Lachen AG<\/strong><br>Ihr regionaler Audi-Partner f\u00fcr Neuwagen und Occasionen seit 1979. Familiengef\u00fchrt, pers\u00f6nlich und mit Leidenschaft f\u00fcr Mobilit\u00e4t.<\/p>\n<\/div><\/div>\n\n\n\n<p><\/p>\n\n\n\n<div class=\"wp-block-media-text alignwide is-stacked-on-mobile\" style=\"grid-template-columns:30% auto\"><figure class=\"wp-block-media-text__media\"><a href=\"https:\/\/www.mobiliar.ch\/lachen\" target=\"_blank\" rel=\"noreferrer noopener\"><img loading=\"lazy\" decoding=\"async\" width=\"855\" height=\"210\" src=\"https:\/\/oktoberfest-wangen.ch\/wp-content\/uploads\/2025\/08\/logo_mob.png\" alt=\"\" class=\"wp-image-448 size-full\" srcset=\"https:\/\/oktoberfest-wangen.ch\/wp-content\/uploads\/2025\/08\/logo_mob.png 855w, https:\/\/oktoberfest-wangen.ch\/wp-content\/uploads\/2025\/08\/logo_mob-300x74.png 300w, https:\/\/oktoberfest-wangen.ch\/wp-content\/uploads\/2025\/08\/logo_mob-768x189.png 768w\" sizes=\"auto, (max-width: 855px) 100vw, 855px\" \/><\/a><\/figure><div class=\"wp-block-media-text__content\">\n<p><strong>Die Mobiliar &#8211; Generalagentur Lachen<\/strong><br>Versicherung und Vorsorge \u2013 in den Bezirken March, H\u00f6fe und Einsiedeln f\u00fcr Sie da.<\/p>\n<\/div><\/div>\n\n\n\n<p><\/p>\n\n\n\n<p><\/p>\n\n\n\n<div class=\"wp-block-media-text alignwide is-stacked-on-mobile\" style=\"grid-template-columns:30% auto\"><figure class=\"wp-block-media-text__media\"><a href=\"https:\/\/furrerauto.ch\" target=\"_blank\" rel=\"noreferrer noopener\"><img loading=\"lazy\" decoding=\"async\" width=\"300\" height=\"93\" src=\"https:\/\/oktoberfest-wangen.ch\/wp-content\/uploads\/2025\/06\/spons_vz.png\" alt=\"\" class=\"wp-image-435 size-full\"\/><\/a><\/figure><div class=\"wp-block-media-text__content\">\n<p><strong>VZ-Kanalreinigung AG<\/strong><br>Ihr Kompetenter Partner f\u00fcr Reinigungsarbeiten und Mobil-WC-Anlagen.<\/p>\n<\/div><\/div>\n<\/div>\n<\/div>\n<\/div><\/div>\n\n\n\n<p><\/p>\n\n\n\n<div class=\"wp-block-group\"><div class=\"wp-block-group__inner-container is-layout-constrained wp-block-group-is-layout-constrained\">\n<div class=\"wp-block-columns is-layout-flex wp-container-core-columns-is-layout-9d6595d7 wp-block-columns-is-layout-flex\">\n<div class=\"wp-block-column is-layout-flow wp-block-column-is-layout-flow\" style=\"flex-basis:100%\">\n<div class=\"wp-block-media-text alignwide is-stacked-on-mobile\" style=\"grid-template-columns:30% auto\"><figure class=\"wp-block-media-text__media\"><a href=\"https:\/\/xelon.ch\" target=\"_blank\" rel=\"noreferrer noopener\"><img loading=\"lazy\" decoding=\"async\" width=\"300\" height=\"113\" src=\"https:\/\/oktoberfest-wangen.ch\/wp-content\/uploads\/2025\/06\/spons_xel.png\" alt=\"\" class=\"wp-image-423 size-full\"\/><\/a><\/figure><div class=\"wp-block-media-text__content\">\n<p><strong>Xelon AG<\/strong><br>Die Schweizer Cloud-Infrastruktur f\u00fcr echte IT-Profis<\/p>\n<\/div><\/div>\n\n\n\n<p><\/p>\n<\/div>\n<\/div>\n<\/div><\/div>\n\n\n\n<div class=\"wp-block-group\"><div class=\"wp-block-group__inner-container is-layout-constrained wp-block-group-is-layout-constrained\">\n<div class=\"wp-block-columns is-layout-flex wp-container-core-columns-is-layout-9d6595d7 wp-block-columns-is-layout-flex\">\n<div class=\"wp-block-column is-layout-flow wp-block-column-is-layout-flow\" style=\"flex-basis:100%\">\n<div class=\"wp-block-media-text alignwide is-stacked-on-mobile\" style=\"grid-template-columns:30% auto\"><figure class=\"wp-block-media-text__media\"><a href=\"https:\/\/hirschen-wangen.ch\/\" target=\"_blank\" rel=\"noreferrer noopener\"><img loading=\"lazy\" decoding=\"async\" width=\"768\" height=\"233\" src=\"https:\/\/oktoberfest-wangen.ch\/wp-content\/uploads\/2025\/04\/spons_hirsch.png\" alt=\"\" class=\"wp-image-406 size-full\" srcset=\"https:\/\/oktoberfest-wangen.ch\/wp-content\/uploads\/2025\/04\/spons_hirsch.png 768w, https:\/\/oktoberfest-wangen.ch\/wp-content\/uploads\/2025\/04\/spons_hirsch-300x91.png 300w\" sizes=\"auto, (max-width: 768px) 100vw, 768px\" \/><\/a><\/figure><div class=\"wp-block-media-text__content\">\n<p><strong>Restaurant Hirschen Wangen<\/strong><br>Gelebte Gastfreundschaft &#8211; seit \u00fcber 25 Jahren.<\/p>\n<\/div><\/div>\n<\/div>\n<\/div>\n<\/div><\/div>\n\n\n\n<p><\/p>\n\n\n\n<div class=\"wp-block-media-text is-stacked-on-mobile\" style=\"grid-template-columns:30% auto\"><figure class=\"wp-block-media-text__media\"><a href=\"https:\/\/www.vogt-holzbau.ch\/\" target=\"_blank\" rel=\"noreferrer noopener\"><img loading=\"lazy\" decoding=\"async\" width=\"400\" height=\"200\" src=\"https:\/\/oktoberfest-wangen.ch\/wp-content\/uploads\/2023\/04\/Sponsoren_DVogtHolzbau_Logo_400x200.png\" alt=\"\" class=\"wp-image-64 size-full\" srcset=\"https:\/\/oktoberfest-wangen.ch\/wp-content\/uploads\/2023\/04\/Sponsoren_DVogtHolzbau_Logo_400x200.png 400w, https:\/\/oktoberfest-wangen.ch\/wp-content\/uploads\/2023\/04\/Sponsoren_DVogtHolzbau_Logo_400x200-300x150.png 300w\" sizes=\"auto, (max-width: 400px) 100vw, 400px\" \/><\/a><\/figure><div class=\"wp-block-media-text__content\">\n<p><strong>D. Vogt Holzbau<\/strong><\/p>\n<\/div><\/div>\n\n\n\n<p><\/p>\n","protected":false},"excerpt":{"rendered":"<p>Ein herzliches Dankesch\u00f6n an all unsere grossz\u00fcgigen Sponsoren, die uns \u2013 teils schon seit vielen Jahren \u2013 unterst\u00fctzen und dieses tolle Fest erm\u00f6glichen. Vielen Dank! Arthur Weber AGPartner f\u00fcr Bau und Handwerk Furrer Auto Lachen AGIhr regionaler Audi-Partner f\u00fcr Neuwagen und Occasionen seit 1979. Familiengef\u00fchrt, pers\u00f6nlich und mit Leidenschaft f\u00fcr Mobilit\u00e4t. Die Mobiliar &#8211; Generalagentur &hellip;<\/p>\n","protected":false},"author":1,"featured_media":0,"parent":0,"menu_order":0,"comment_status":"closed","ping_status":"closed","template":"","meta":{"footnotes":""},"class_list":["post-16","page","type-page","status-publish","hentry"],"_links":{"self":[{"href":"https:\/\/oktoberfest-wangen.ch\/index.php?rest_route=\/wp\/v2\/pages\/16","targetHints":{"allow":["GET"]}}],"collection":[{"href":"https:\/\/oktoberfest-wangen.ch\/index.php?rest_route=\/wp\/v2\/pages"}],"about":[{"href":"https:\/\/oktoberfest-wangen.ch\/index.php?rest_route=\/wp\/v2\/types\/page"}],"author":[{"embeddable":true,"href":"https:\/\/oktoberfest-wangen.ch\/index.php?rest_route=\/wp\/v2\/users\/1"}],"replies":[{"embeddable":true,"href":"https:\/\/oktoberfest-wangen.ch\/index.php?rest_route=%2Fwp%2Fv2%2Fcomments&post=16"}],"version-history":[{"count":41,"href":"https:\/\/oktoberfest-wangen.ch\/index.php?rest_route=\/wp\/v2\/pages\/16\/revisions"}],"predecessor-version":[{"id":449,"href":"https:\/\/oktoberfest-wangen.ch\/index.php?rest_route=\/wp\/v2\/pages\/16\/revisions\/449"}],"wp:attachment":[{"href":"https:\/\/oktoberfest-wangen.ch\/index.php?rest_route=%2Fwp%2Fv2%2Fmedia&parent=16"}],"curies":[{"name":"wp","href":"https:\/\/api.w.org\/{rel}","templated":true}]}}