{"id":236,"date":"2023-05-02T14:11:47","date_gmt":"2023-05-02T13:11:47","guid":{"rendered":"https:\/\/oktoberfest-wangen.ch\/?page_id=236"},"modified":"2025-09-16T13:35:48","modified_gmt":"2025-09-16T12:35:48","slug":"an-und-abreise","status":"publish","type":"page","link":"https:\/\/oktoberfest-wangen.ch\/?page_id=236","title":{"rendered":"An- und Abreise"},"content":{"rendered":"\n<h2 class=\"wp-block-heading\">An- und Abreise<\/h2>\n\n\n\n<p>Wir empfehlen die An- und Abreise in Gruppen und\/oder per \u00d6V oder Taxi.<\/p>\n\n\n\n<iframe src=\"https:\/\/www.google.com\/maps\/embed?pb=!1m18!1m12!1m3!1d912.5530496382775!2d8.893651269700188!3d47.19343539819717!2m3!1f0!2f0!3f0!3m2!1i1024!2i768!4f13.1!3m3!1m2!1s0x479ac9ee7272a6ff%3A0x8efb3bfdd3873d92!2sSeestrasse%202%2C%208855%20Wangen!5e1!3m2!1sde!2sch!4v1683033277643!5m2!1sde!2sch\" width=\"100%\" height=\"450\" style=\"border:0;\" allowfullscreen=\"\" loading=\"lazy\" referrerpolicy=\"no-referrer-when-downgrade\"><\/iframe>\n\n\n\n<h3 class=\"wp-block-heading\">Auto<\/h3>\n\n\n\n<p>In 100m Entfernung zum Eingang befinden sich Parkpl\u00e4tze.<br>Bitte verwenden Sie <strong>NICHT <\/strong>die gekennzeichneten Parkpl\u00e4tze des Werkhofs.<\/p>\n\n\n\n<figure class=\"wp-block-image size-full\"><img loading=\"lazy\" decoding=\"async\" width=\"775\" height=\"231\" src=\"https:\/\/oktoberfest-wangen.ch\/wp-content\/uploads\/2023\/05\/PP.png\" alt=\"\" class=\"wp-image-238\" srcset=\"https:\/\/oktoberfest-wangen.ch\/wp-content\/uploads\/2023\/05\/PP.png 775w, https:\/\/oktoberfest-wangen.ch\/wp-content\/uploads\/2023\/05\/PP-300x89.png 300w, https:\/\/oktoberfest-wangen.ch\/wp-content\/uploads\/2023\/05\/PP-768x229.png 768w\" sizes=\"auto, (max-width: 775px) 100vw, 775px\" \/><\/figure>\n\n\n\n<p><\/p>\n\n\n\n<h3 class=\"wp-block-heading\">\u00d6V<\/h3>\n\n\n\n<p>Die n\u00e4chstgelegene Bushaltestelle (Wangen SZ, Zentrum) befindet sich 300m vom Eingang entfernt.<\/p>\n\n\n\n<hr class=\"wp-block-separator has-alpha-channel-opacity\"\/>\n\n\n\n<figure class=\"wp-block-gallery has-nested-images columns-default is-cropped wp-block-gallery-1 is-layout-flex wp-block-gallery-is-layout-flex\">\n<figure class=\"wp-block-image size-large\"><img loading=\"lazy\" decoding=\"async\" width=\"760\" height=\"506\" data-id=\"199\" src=\"https:\/\/oktoberfest-wangen.ch\/wp-content\/uploads\/2023\/04\/20221001030254-d841630a-me.jpg\" alt=\"\" class=\"wp-image-199\" srcset=\"https:\/\/oktoberfest-wangen.ch\/wp-content\/uploads\/2023\/04\/20221001030254-d841630a-me.jpg 760w, https:\/\/oktoberfest-wangen.ch\/wp-content\/uploads\/2023\/04\/20221001030254-d841630a-me-300x200.jpg 300w\" sizes=\"auto, (max-width: 760px) 100vw, 760px\" \/><\/figure>\n\n\n\n<figure class=\"wp-block-image size-large\"><img loading=\"lazy\" decoding=\"async\" width=\"760\" height=\"506\" data-id=\"202\" src=\"https:\/\/oktoberfest-wangen.ch\/wp-content\/uploads\/2023\/04\/20221001030354-09c43369-me.jpg\" alt=\"\" class=\"wp-image-202\" srcset=\"https:\/\/oktoberfest-wangen.ch\/wp-content\/uploads\/2023\/04\/20221001030354-09c43369-me.jpg 760w, https:\/\/oktoberfest-wangen.ch\/wp-content\/uploads\/2023\/04\/20221001030354-09c43369-me-300x200.jpg 300w\" sizes=\"auto, (max-width: 760px) 100vw, 760px\" \/><\/figure>\n\n\n\n<figure class=\"wp-block-image size-large\"><img loading=\"lazy\" decoding=\"async\" width=\"760\" height=\"506\" data-id=\"195\" src=\"https:\/\/oktoberfest-wangen.ch\/wp-content\/uploads\/2023\/04\/20221001030108-760c50a4-me.jpg\" alt=\"\" class=\"wp-image-195\" srcset=\"https:\/\/oktoberfest-wangen.ch\/wp-content\/uploads\/2023\/04\/20221001030108-760c50a4-me.jpg 760w, https:\/\/oktoberfest-wangen.ch\/wp-content\/uploads\/2023\/04\/20221001030108-760c50a4-me-300x200.jpg 300w\" sizes=\"auto, (max-width: 760px) 100vw, 760px\" \/><\/figure>\n<\/figure>\n","protected":false},"excerpt":{"rendered":"<p>An- und Abreise Wir empfehlen die An- und Abreise in Gruppen und\/oder per \u00d6V oder Taxi. Auto In 100m Entfernung zum Eingang befinden sich Parkpl\u00e4tze.Bitte verwenden Sie NICHT die gekennzeichneten Parkpl\u00e4tze des Werkhofs. \u00d6V Die n\u00e4chstgelegene Bushaltestelle (Wangen SZ, Zentrum) befindet sich 300m vom Eingang entfernt.<\/p>\n","protected":false},"author":1,"featured_media":0,"parent":0,"menu_order":0,"comment_status":"closed","ping_status":"closed","template":"","meta":{"footnotes":""},"class_list":["post-236","page","type-page","status-publish","hentry"],"_links":{"self":[{"href":"https:\/\/oktoberfest-wangen.ch\/index.php?rest_route=\/wp\/v2\/pages\/236","targetHints":{"allow":["GET"]}}],"collection":[{"href":"https:\/\/oktoberfest-wangen.ch\/index.php?rest_route=\/wp\/v2\/pages"}],"about":[{"href":"https:\/\/oktoberfest-wangen.ch\/index.php?rest_route=\/wp\/v2\/types\/page"}],"author":[{"embeddable":true,"href":"https:\/\/oktoberfest-wangen.ch\/index.php?rest_route=\/wp\/v2\/users\/1"}],"replies":[{"embeddable":true,"href":"https:\/\/oktoberfest-wangen.ch\/index.php?rest_route=%2Fwp%2Fv2%2Fcomments&post=236"}],"version-history":[{"count":11,"href":"https:\/\/oktoberfest-wangen.ch\/index.php?rest_route=\/wp\/v2\/pages\/236\/revisions"}],"predecessor-version":[{"id":454,"href":"https:\/\/oktoberfest-wangen.ch\/index.php?rest_route=\/wp\/v2\/pages\/236\/revisions\/454"}],"wp:attachment":[{"href":"https:\/\/oktoberfest-wangen.ch\/index.php?rest_route=%2Fwp%2Fv2%2Fmedia&parent=236"}],"curies":[{"name":"wp","href":"https:\/\/api.w.org\/{rel}","templated":true}]}}